{"id":120,"date":"2022-02-01T19:24:30","date_gmt":"2022-02-01T18:24:30","guid":{"rendered":"https:\/\/www.cerbere.pl\/?page_id=120"},"modified":"2022-12-27T12:35:31","modified_gmt":"2022-12-27T12:35:31","slug":"120-2","status":"publish","type":"page","link":"https:\/\/pensjonat-sienkiewiczowka.pl\/","title":{"rendered":"Agroturystyka"},"content":{"rendered":"\n<figure class=\"wp-block-video\"><video autoplay loop muted src=\"https:\/\/pensjonat-sienkiewiczowka.pl\/wp-content\/uploads\/2022\/08\/sienkiewicz2-1.mp4\"><\/video><\/figure>\n\n\n\n<p class=\"has-text-align-center has-large-font-size has-black-color has-text-color\">Witamy w <strong>Agroturystyce <\/strong><br>i Pensjonacie<strong> Sienkiewicz\u00f3wka<\/strong><\/p>\n\n\n\n<figure class=\"wp-block-audio\"><audio autoplay src=\"https:\/\/pensjonat-sienkiewiczowka.pl\/wp-content\/uploads\/2022\/09\/agroturystyka.mp3\"><\/audio><\/figure>\n\n\n\n<div class=\"wp-block-columns is-layout-flex wp-container-6 wp-block-columns-is-layout-flex\">\n<div class=\"wp-block-column is-vertically-aligned-top is-layout-flow wp-block-column-is-layout-flow\" style=\"flex-basis:100%\">\n<div class=\"wp-block-group is-layout-flow wp-block-group-is-layout-flow\"><div class=\"wp-block-group__inner-container\">\n<div class=\"wp-block-columns is-layout-flex wp-container-3 wp-block-columns-is-layout-flex\">\n<div class=\"wp-block-column is-vertically-aligned-top is-layout-flow wp-block-column-is-layout-flow\">\n<p class=\"has-text-align-center has-black-color has-text-color has-medium-font-size\"><a href=\"https:\/\/www.cerbere.pl\/cennik\/\"><strong>Tani nocleg. Przekonaj si\u0119, \u017ce nie jest drogo<\/strong><\/p>\n\n\n\n<figure class=\"wp-block-video\"><a href=\"https:\/\/www.cerbere.pl\/cennik\/\"><video autoplay loop muted src=\"https:\/\/pensjonat-sienkiewiczowka.pl\/wp-content\/uploads\/2022\/09\/sienpop2.mp4\"><\/video><\/a><\/figure>\n\n\n\n<p class=\"has-text-align-center\"><\/p>\n<\/div>\n\n\n\n<div class=\"wp-block-column is-layout-flow wp-block-column-is-layout-flow\">\n<p class=\"has-text-align-center has-medium-font-size has-black-color has-text-color\"><a href=\"https:\/\/www.cerbere.pl\/kalendarz\/\"><strong>Wolne terminy. Sprawd\u017a czy Wam pasuj\u0105<\/strong><\/p>\n\n\n\n<figure class=\"wp-block-video\"><a href=\"https:\/\/www.cerbere.pl\/kalendarz\/\"><video autoplay loop muted src=\"https:\/\/pensjonat-sienkiewiczowka.pl\/wp-content\/uploads\/2022\/09\/sienpop.mp4\"><\/video><\/a><\/figure>\n\n\n\n<p class=\"has-text-align-center has-black-color has-text-color\"><\/p>\n<\/div>\n<\/div>\n<\/div><\/div>\n<\/div>\n<\/div>\n\n\n\n<p class=\"has-black-color has-text-color\"><strong>AGROTURYSTYKA \u2013 WITAJ W SIENKIEWICZ\u00d3WCE!<\/strong><br>Jest takie miejsce, w kt\u00f3rym odpoczniesz w ciszy od zgie\u0142ku miasta! Gdzie rano obudzi Ciebie t\u0119tent kopyt i radosne \u015bpiewy ptak\u00f3w. Gdzie spacer i \u015bwie\u017ce, le\u015bne powietrze tchnie w Ciebie now\u0105 energi\u0119, a wieczorny relaks w saunie nad brzegiem stawu nastroi do b\u0142ogiego snu. Zapraszamy do naszego gospodarstwa agroturystycznego. Zapraszamy do Pensjonatu Sienkiewicz\u00f3wka! <\/p>\n\n\n\n<p><\/p>\n\n\n\n<p class=\"has-black-color has-text-color\"><strong>DOM I POKOJE<\/strong><br>Nasze gospodarstwo po\u0142o\u017cone jest na skraju Puszczy Bydgoskiej i unikalnych na skal\u0119 polsk\u0105 i europejsk\u0105 wydm, To jedne z najwi\u0119kszych tego typu twor\u00f3w geologicznych wgeotwor\u00f3w <\/p>\n\n\n\n<p><\/p>\n\n\n\n<p>Dok\u0142adamy wszelkich stara\u0144, aby nasi go\u015bcie czuli si\u0119 u nas swobodnie.<\/p>\n\n\n\n<p>Niezale\u017cnie od warunk\u00f3w pogodowych, w naszym gospodarstwie do Pa\u0144stwa dyspozycji jest bogata infrastruktura Sienkiewicz\u00f3wki.<\/p>\n\n\n\n<p>Sienkiewicz\u00f3wka posiada nowe mo\u017cliwo\u015bci wynajmu sali konferencyjno-bankietowej.<\/p>\n\n\n\n<p><br>W naszym gospodarstwie jest pe\u0142en zasi\u0119g telefonii kom\u00f3rkowej oraz sie\u0107 internetowa wi-fi.<\/p>\n\n\n\n<p><br><strong>\u0141atwy dojazd<br><\/strong><br>Dojazd do naszego gospodarstwa jest \u0142atwy dzi\u0119ki wsp\u00f3\u0142rz\u0119dnym GPS oraz mapie okolicy.<\/p>\n\n\n\n<p><br><strong>Atrakcyjne ceny<br><\/strong><br>Oferujemy atrakcyjne ceny, rabaty i promocje. Zadzwo\u0144 do nas a otrzymasz szczeg\u00f3\u0142owe informacje.<\/p>\n\n\n\n<p><br><strong>Ekologia<br><\/strong><br>Naszym go\u015bciom oferujemy ekologiczne produkty spo\u017cywcze, kt\u00f3re pochodz\u0105 z naszego gospodarstwa.<\/p>\n\n\n\n<p class=\"has-black-color has-text-color\"><\/p>\n\n\n\n<p class=\"has-black-color has-text-color\"><strong>LOKALIZACJA I ZDJ\u0118CIE SFERYCZNE<\/strong><br>Wystarczy klikn\u0105\u0107 lub poruszy\u0107 zdj\u0119ciem, aby na chwil\u0119 przenie\u015b\u0107 si\u0119 bezpo\u015brednio do Sienkiewicz\u00f3wki. Aby dojecha\u0107 bezpo\u015brednio na miejsce &#8211; prosz\u0119 klink\u0105\u0107 w map\u0119.<\/p>\n\n\n\n<div class=\"wp-block-columns is-layout-flex wp-container-10 wp-block-columns-is-layout-flex\">\n<div class=\"wp-block-column is-layout-flow wp-block-column-is-layout-flow\"><iframe src=\"https:\/\/www.google.com\/maps\/embed?pb=!4v1670077889124!6m8!1m7!1sCAoSLEFGMVFpcE1pTUt4aUI5d1BzcUNBV3lLYkNOYk9fd01PRzExMTVVTG10dUxC!2m2!1d52.914311!2d18.4319918!3f191.19921476872813!4f-5.3474357946925295!5f0.7820865974627469\" width=\"400\" height=\"300\" style=\"border:0;\" allowfullscreen=\"\" loading=\"lazy\" referrerpolicy=\"no-referrer-when-downgrade\"><\/iframe><\/div>\n\n\n\n<div class=\"wp-block-column is-layout-flow wp-block-column-is-layout-flow\"><iframe src=\"https:\/\/www.google.com\/maps\/embed?pb=!1m18!1m12!1m3!1d2405.860473208548!2d18.430343077066375!3d52.91493920691427!2m3!1f0!2f0!3f0!3m2!1i1024!2i768!4f13.1!3m3!1m2!1s0x4703494467b1826d%3A0x1b5d7e5ad7a49850!2sPensjonat%20Sienkiewicz%C3%B3wka!5e0!3m2!1spl!2spl!4v1670078365787!5m2!1spl!2spl\" width=\"400\" height=\"300\" style=\"border:0;\" allowfullscreen=\"\" loading=\"lazy\" referrerpolicy=\"no-referrer-when-downgrade\"><\/iframe><\/div>\n\n\n\n<div class=\"wp-block-column is-layout-flow wp-block-column-is-layout-flow\"><\/div>\n<\/div>\n\n\n\n<p class=\"has-black-color has-text-color\"><strong>PRZYRODA I ZWIERZ\u0118TA<\/strong><br><\/p>\n\n\n\n<p>Ziele\u0144, cisza i przyroda sprzyja odpoczynkowi w gronie rodziny lub znajomych.<\/p>\n\n\n\n<p>Sienkiewicz\u00f3wk\u0119 otacza wyj\u0105tkowy krajobraz, kt\u00f3ry pozwala odetchn\u0105\u0107 \u015bwie\u017cym powietrzem i w pe\u0142ni si\u0119 zrelaksowa\u0107.<\/p>\n\n\n\n<p>Mi\u0142o\u015bnikom jazdy konnej oferujemy przeja\u017cd\u017ck\u0119 po okolicy, kuligi z saniami a najm\u0142odszym kucyki.<\/p>\n\n\n\n<p class=\"has-black-color has-text-color\">Nasze gospodarstwo po\u0142o\u017cone jest na skraju Puszczy Bydgoskiej i unikalnych na skal\u0119 polsk\u0105 i europejsk\u0105 wydm, To jedne z najwi\u0119kszych tego typu twor\u00f3w geologicznych wgeotwor\u00f3w Polecimy idealne miejsca na spacery wzd\u0142u\u017c wybrze\u017ca oraz na g\u00f3rskie w\u0119dr\u00f3wki. Zarekomendujemy r\u00f3wnie\u017c \u015bcie\u017cki rowerowe, szko\u0142y nurkowania i wypo\u017cyczalnie \u0142odzi, zar\u00f3wno po stronie francuskiej, jak i hiszpa\u0144skiej.<\/p>\n\n\n\n<p class=\"has-black-color has-text-color\">Willa we Francji jest usytuowana na szczycie g\u00f3ry nad Morzem \u015ar\u00f3dziemnym. Znajdziesz nas w miejscowo\u015bci Cerbere w regionie Oksytania. Do granicy z Hiszpani\u0105 jest zaledwie 5 km. Warto wybra\u0107 si\u0119 na przyl\u0105dek Cap de Creus nad morzem \u015ar\u00f3dziemnym w Hiszpanii (ok.19 km). Ok. 20 km od willi znajduje si\u0119 Ciutadella de Roses \u2013 ciekawe ruiny fortyfikacji. Polecamy r\u00f3wnie\u017c Mume \u2013 Museu Memorial de L\u2019Exili (ok. 24 km) i Teatro-Museu Dal\u00ed w Figueres (ok. 41 km). W Portbou w Hiszpanii znajduje si\u0119 pla\u017ca (ok. 9 km). Polecamy te\u017c wypady w g\u00f3ry, kt\u00f3re mo\u017cna zacz\u0105\u0107 niemal\u017ce z willi po stronie francuskiej.<\/p>\n\n\n\n<p class=\"has-black-color has-text-color\">Najpi\u0119kniejsza naszym zdaniem &#8211; cho\u0107 kamienista &#8211; jest pla\u017ca znajduj\u0105ca si\u0119 w linii prostej od willi. Zej\u015bcie na ni\u0105 jest malownicze i wymaga zr\u0119czno\u015bci, \u015bcie\u017cka prowadzi w\u015br\u00f3d ska\u0142. Nale\u017cy by\u0107 ostro\u017cnym. Pla\u017ca mie\u015bci tylko kilkana\u015bcie os\u00f3b. Jest idealna do nurkowania lub po prostu p\u0142ywania w masce i podziwiania g\u0142\u0119bi. Przejrzysto\u015b\u0107 wody si\u0119ga 30 metr\u00f3w. P\u0142ywaj\u0105 tam \u0142awice ryb, mo\u017cna te\u017c spotka\u0107 ma\u0142e o\u015bmiornice,  W pobli\u017cu znajduje si\u0119 wyspa i rafa koralowa.<\/p>\n\n\n\n<p class=\"has-black-color has-text-color\">Odleg\u0142o\u015b\u0107 willi od przystanku komunikacji miejskiej wynosi ok. 1,5 km.<\/p>\n\n\n\n<p class=\"has-black-color has-text-color\">Mi\u0119dzynarodowe lotnisko El Prat w Barcelonie jest oddalone o ok. 195 km.<\/p>\n\n\n\n<p><\/p>\n\n\n\n<p class=\"has-black-color has-text-color\">\u015ar\u00f3dziemne.<\/p>\n\n\n\n<p class=\"has-black-color has-text-color\">Odpocz\u0105\u0107 mo\u017cesz na dw\u00f3ch tarasach z widokiem na Pireneje. Dodatkowo jeden z taras\u00f3w ma widok r\u00f3wnie\u017c na morze. Do dyspozycji naszych Go\u015bci jest r\u00f3wnie\u017c basen.<\/p>\n\n\n\n<p class=\"has-black-color has-text-color\">Willa we Francji jest bez wy\u017cywienia, ale w naszej miejscowo\u015bci znajduj\u0105 si\u0119 sklepy oraz restauracje. Szczeg\u00f3lnie polecamy \u201eRestaurant de la Plage\u201d w Cerbere. Zach\u0119camy r\u00f3wnie\u017c do odwiedzania \u201eRestaurant Espana\u201d, kt\u00f3ra znajduje si\u0119 ju\u017c po drugiej stronie granicy, w hiszpa\u0144skiej miejscowo\u015bci Portbou.<\/p>\n\n\n<div class=\"wp-block-image\">\n<figure class=\"aligncenter size-full is-resized\"><img decoding=\"async\" loading=\"lazy\" src=\"https:\/\/pensjonat-sienkiewiczowka.pl\/wp-content\/uploads\/2022\/09\/Bez-tytulu.png\" alt=\"\" class=\"wp-image-689\" width=\"840\" height=\"226\" srcset=\"https:\/\/pensjonat-sienkiewiczowka.pl\/wp-content\/uploads\/2022\/09\/Bez-tytulu.png 956w, https:\/\/pensjonat-sienkiewiczowka.pl\/wp-content\/uploads\/2022\/09\/Bez-tytulu-300x81.png 300w, https:\/\/pensjonat-sienkiewiczowka.pl\/wp-content\/uploads\/2022\/09\/Bez-tytulu-768x207.png 768w\" sizes=\"(max-width: 840px) 100vw, 840px\" \/><\/figure><\/div>\n\n\n<p class=\"has-text-align-center\">APT Violetta Sienkiewicz uzyska\u0142a Subwencj\u0119 Finansow\u0105 \u201eTarcza Finansowa 2.0 Polskiego Funduszu Rozwoju dla Mikro, Ma\u0142ych i \u015arednich Firm&#8221; \u2013 kt\u00f3rej podmiotem udzielaj\u0105cym wparcia, jest PFR S.A.<\/p>\n\n\n\n<p class=\"has-text-align-center\">Operacja pn. \u201eRozw\u00f3j potencja\u0142u firmy APT Violetta Sienkiewicz dzi\u0119ki wprowadzeniu nowych us\u0142ug\u201d,<\/p>\n\n\n\n<p class=\"has-text-align-center\">realizowana przez APT Violetta Sienkiewicz ma na celu<\/p>\n\n\n\n<p class=\"has-text-align-center\">rozw\u00f3j przedsi\u0119biorczo\u015bci na terenie LSR poprzez rozw\u00f3j potencja\u0142u firmy APT Violetta Sienkiewicz dzi\u0119ki wprowadzeniu nowych us\u0142ug.<\/p>\n\n\n\n<p class=\"has-text-align-center\">Wsp\u00f3\u0142finansowana ze \u015brodk\u00f3w Unii Europejskiej w ramach poddzia\u0142ania \u201eWsparcie na wdra\u017canie operacji w ramach strategii rozwoju lokalnego kierowanego przez spo\u0142eczno\u015b\u0107\u201d obj\u0119tego<\/p>\n\n\n\n<p class=\"has-text-align-center\">Programem Rozwoju Obszar\u00f3w Wiejskich na lata 2014-2020.<\/p>\n\n\n\n<p>&nbsp;<\/p>\n\n\n\n<p>&nbsp;<\/p>\n\n\n\n<div class=\"wp-block-file\"><a id=\"wp-block-file--media-403da956-d969-4435-9f01-c647b06e911e\" href=\"http:\/\/www.cerbere.pl\/wp-content\/uploads\/2022\/07\/RODO.pdf\"><strong>Informacja RODO<\/strong><\/a><a href=\"http:\/\/www.cerbere.pl\/wp-content\/uploads\/2022\/07\/RODO.pdf\" class=\"wp-block-file__button\" download aria-describedby=\"wp-block-file--media-403da956-d969-4435-9f01-c647b06e911e\">Pobierz<\/a><\/div>\n\n\n\n<div class=\"wp-block-file\"><a id=\"wp-block-file--media-4927b2cc-c9a0-4363-a654-7639f3a60128\" href=\"http:\/\/www.cerbere.pl\/wp-content\/uploads\/2022\/07\/Polityka-prywatnosci.pdf\"><strong>Polityka prywatno\u015bci<\/strong><\/a><a href=\"http:\/\/www.cerbere.pl\/wp-content\/uploads\/2022\/07\/Polityka-prywatnosci.pdf\" class=\"wp-block-file__button\" download aria-describedby=\"wp-block-file--media-4927b2cc-c9a0-4363-a654-7639f3a60128\">Pobierz<\/a><\/div>\n\n\n\n<div class=\"wp-block-columns is-layout-flex wp-container-13 wp-block-columns-is-layout-flex\">\n<div class=\"wp-block-column is-layout-flow wp-block-column-is-layout-flow\" style=\"flex-basis:100%\">\n<div class=\"wp-block-group is-layout-flow wp-block-group-is-layout-flow\"><div class=\"wp-block-group__inner-container\">\n<div class=\"wp-block-file\"><a id=\"wp-block-file--media-63c1b539-0ee8-4449-99b0-c77ec137c1dd\" href=\"http:\/\/www.cerbere.pl\/wp-content\/uploads\/2022\/07\/Regulamin-pobytu-w-Cerbere-2022.pdf\"><strong>Regulamin pobytu<\/strong><\/a><a href=\"http:\/\/www.cerbere.pl\/wp-content\/uploads\/2022\/07\/Regulamin-pobytu-w-Cerbere-2022.pdf\" class=\"wp-block-file__button\" download aria-describedby=\"wp-block-file--media-63c1b539-0ee8-4449-99b0-c77ec137c1dd\">Pobierz<\/a><\/div>\n<\/div><\/div>\n<\/div>\n<\/div>\n","protected":false},"excerpt":{"rendered":"<p>Witamy w Agroturystyce i Pensjonacie Sienkiewicz\u00f3wka Tani nocleg. Przekonaj si\u0119, \u017ce nie jest drogo Wolne terminy. Sprawd\u017a czy Wam pasuj\u0105 AGROTURYSTYKA \u2013 WITAJ W SIENKIEWICZ\u00d3WCE!Jest&hellip;<\/p>\n","protected":false},"author":1,"featured_media":0,"parent":0,"menu_order":0,"comment_status":"closed","ping_status":"closed","template":"","meta":{"footnotes":""},"_links":{"self":[{"href":"https:\/\/pensjonat-sienkiewiczowka.pl\/index.php?rest_route=\/wp\/v2\/pages\/120"}],"collection":[{"href":"https:\/\/pensjonat-sienkiewiczowka.pl\/index.php?rest_route=\/wp\/v2\/pages"}],"about":[{"href":"https:\/\/pensjonat-sienkiewiczowka.pl\/index.php?rest_route=\/wp\/v2\/types\/page"}],"author":[{"embeddable":true,"href":"https:\/\/pensjonat-sienkiewiczowka.pl\/index.php?rest_route=\/wp\/v2\/users\/1"}],"replies":[{"embeddable":true,"href":"https:\/\/pensjonat-sienkiewiczowka.pl\/index.php?rest_route=%2Fwp%2Fv2%2Fcomments&post=120"}],"version-history":[{"count":29,"href":"https:\/\/pensjonat-sienkiewiczowka.pl\/index.php?rest_route=\/wp\/v2\/pages\/120\/revisions"}],"predecessor-version":[{"id":717,"href":"https:\/\/pensjonat-sienkiewiczowka.pl\/index.php?rest_route=\/wp\/v2\/pages\/120\/revisions\/717"}],"wp:attachment":[{"href":"https:\/\/pensjonat-sienkiewiczowka.pl\/index.php?rest_route=%2Fwp%2Fv2%2Fmedia&parent=120"}],"curies":[{"name":"wp","href":"https:\/\/api.w.org\/{rel}","templated":true}]}}