{"id":193,"date":"2022-02-02T14:18:43","date_gmt":"2022-02-02T13:18:43","guid":{"rendered":"https:\/\/www.cerbere.pl\/?page_id=193"},"modified":"2022-02-02T14:18:43","modified_gmt":"2022-02-02T13:18:43","slug":"cennik","status":"publish","type":"page","link":"https:\/\/pensjonat-sienkiewiczowka.pl\/?page_id=193","title":{"rendered":"Cennik"},"content":{"rendered":"\n<p class=\"has-text-align-center\">__________________________________________<\/p>\n\n\n<p class=\"has-text-align-center has-medium-font-size has-black-color has-text-color\"><strong>Oto nasz cennik. Podane ceny nie zale\u017c\u0105 od liczby os\u00f3b przebywaj\u0105cych w willi. A wi\u0119c koszty mo\u017cesz roz\u0142o\u017cy\u0107!<\/strong><\/p>\n\n\n<p>&nbsp;<\/p>\n\n\n<p><strong>[appts_pricing_table sid=&#8217;fikrqutlp2&#8242;]<\/strong><\/p>\n\n\n<p>&nbsp;<\/p>\n\n<p><!-- \/wp:paragraph --><\/p>\n<p><!-- wp:paragraph {\"align\":\"center\",\"textColor\":\"vivid-cyan-blue\",\"fontSize\":\"medium\"} --><\/p>\n<p class=\"has-text-align-center has-vivid-cyan-blue-color has-text-color has-medium-font-size\"><strong><a href=\"http:\/\/www.cerbere.pl\/kontakt\/\">Chcesz o co\u015b dopyta\u0107? Napisz lub zadzwo\u0144<\/a><\/strong><\/p>\n<p><!-- \/wp:paragraph --><\/p>","protected":false},"excerpt":{"rendered":"<p>__________________________________________ Oto nasz cennik. Podane ceny nie zale\u017c\u0105 od liczby os\u00f3b przebywaj\u0105cych w willi. A wi\u0119c koszty mo\u017cesz roz\u0142o\u017cy\u0107! &nbsp; [appts_pricing_table sid=&#8217;fikrqutlp2&#8242;] &nbsp; Chcesz o&hellip;<\/p>\n","protected":false},"author":1,"featured_media":0,"parent":0,"menu_order":0,"comment_status":"closed","ping_status":"closed","template":"","meta":{"footnotes":""},"_links":{"self":[{"href":"https:\/\/pensjonat-sienkiewiczowka.pl\/index.php?rest_route=\/wp\/v2\/pages\/193"}],"collection":[{"href":"https:\/\/pensjonat-sienkiewiczowka.pl\/index.php?rest_route=\/wp\/v2\/pages"}],"about":[{"href":"https:\/\/pensjonat-sienkiewiczowka.pl\/index.php?rest_route=\/wp\/v2\/types\/page"}],"author":[{"embeddable":true,"href":"https:\/\/pensjonat-sienkiewiczowka.pl\/index.php?rest_route=\/wp\/v2\/users\/1"}],"replies":[{"embeddable":true,"href":"https:\/\/pensjonat-sienkiewiczowka.pl\/index.php?rest_route=%2Fwp%2Fv2%2Fcomments&post=193"}],"version-history":[{"count":0,"href":"https:\/\/pensjonat-sienkiewiczowka.pl\/index.php?rest_route=\/wp\/v2\/pages\/193\/revisions"}],"wp:attachment":[{"href":"https:\/\/pensjonat-sienkiewiczowka.pl\/index.php?rest_route=%2Fwp%2Fv2%2Fmedia&parent=193"}],"curies":[{"name":"wp","href":"https:\/\/api.w.org\/{rel}","templated":true}]}}