{"id":290,"date":"2022-02-03T01:21:41","date_gmt":"2022-02-03T00:21:41","guid":{"rendered":"https:\/\/www.cerbere.pl\/?page_id=290"},"modified":"2022-09-20T14:52:58","modified_gmt":"2022-09-20T14:52:58","slug":"kalendarz","status":"publish","type":"page","link":"https:\/\/pensjonat-sienkiewiczowka.pl\/?page_id=290","title":{"rendered":"Kalendarz"},"content":{"rendered":"\n<p class=\"has-text-align-center\">__________________________________________<\/p>\n\n\n\n<p class=\"has-text-align-center has-medium-font-size has-black-color has-text-color\"><strong>Poni\u017cej znajduje si\u0119 kalendarz rezerwacji. Will\u0119 rezerwujemy tygodniami<\/strong><br><strong>od soboty do pi\u0105tku. Przyjazd w sobot\u0119 od godz. 15. Wyjazd najp\u00f3\u017aniej w nast\u0119pn\u0105 sobot\u0119 do godz. 10.<\/strong><\/p>\n\n\n\n<p class=\"has-text-align-left has-black-color has-text-color\">\u2714 <strong>znajd\u017a wolny termin<\/strong><br>\u2714 <strong>kliknij wybrane dni<\/strong><br>\u2714 <strong>uzupe\u0142nij formularz<\/strong><br>\u2714 <strong>wpisz widoczny kod i zarezerwuj pobyt<\/strong><br>\u2714 <strong>potwierdzenie otrzymasz mailem<\/strong>&nbsp;<\/p>\n\n\n\n<p class=\"has-black-color has-text-color\"><strong>Oznaczenia:<\/strong><\/p>\n\n\n\n<div class=\"wp-block-columns is-layout-flex wp-container-7 wp-block-columns-is-layout-flex\">\n<div class=\"wp-block-column is-layout-flow wp-block-column-is-layout-flow\" style=\"flex-basis:100%\">\n<div class=\"wp-block-columns is-layout-flex wp-container-5 wp-block-columns-is-layout-flex\">\n<div class=\"wp-block-column is-layout-flow wp-block-column-is-layout-flow\" style=\"flex-basis:100%\">\n<div class=\"wp-block-columns is-layout-flex wp-container-3 wp-block-columns-is-layout-flex\">\n<div class=\"wp-block-column is-layout-flow wp-block-column-is-layout-flow\" style=\"flex-basis:3.33%\">\n<figure class=\"wp-block-image size-full is-resized\"><img decoding=\"async\" loading=\"lazy\" src=\"https:\/\/pensjonat-sienkiewiczowka.pl\/wp-content\/uploads\/2022\/07\/legenda2.jpg\" alt=\"\" class=\"wp-image-596\" width=\"42\" height=\"136\"\/><\/figure>\n<\/div>\n\n\n\n<div class=\"wp-block-column is-layout-flow wp-block-column-is-layout-flow\" style=\"flex-basis:96.66%\">\n<p class=\"has-black-color has-text-color\"><strong>wybrane przez Ciebie dni<\/strong><\/p>\n\n\n\n<p class=\"has-black-color has-text-color\"><strong>wst\u0119pna rezerwacja<\/strong><\/p>\n\n\n\n<p class=\"has-black-color has-text-color\"><strong>potwierdzona rezerwacja<\/strong><\/p>\n<\/div>\n<\/div>\n<\/div>\n<\/div>\n<\/div>\n<\/div>\n\n\n\n<div class=\"wp-block-booking-booking\">[booking nummonths=3 options='{calendar months_num_in_row=3 width=1200px cell_height=60px}&#8217;]<\/div>\n\n\n\n<p class=\"has-black-color has-text-color\"><strong>Zasady rezerwacji<\/strong><\/p>\n\n\n\n<ol class=\"has-black-color has-text-color\"><li>Rezerwacje przyjmowane s\u0105 drog\u0105 mailow\u0105 lub telefoniczn\u0105.<\/li><li>Rezerwacji dokonuje si\u0119 na osob\u0119 lub firm\u0119, kt\u00f3ra b\u0119dzie dokonywa\u0107 p\u0142atno\u015bci.<\/li><li>Aby rezerwacja sta\u0142a si\u0119 rezerwacj\u0105 gwarantowan\u0105 konieczne jest uiszczenie w ci\u0105gu 3 dni roboczych od dokonania rezerwacji zaliczki w wysoko\u015bci 30% od kwoty za ca\u0142y pobyt (na przelewie prosimy umieszcza\u0107 imi\u0119 i nazwisko oraz dat\u0119 pobytu).<\/li><li>Brak wp\u0142ywu zaliczki w okre\u015blonym terminie od dokonania rezerwacji skutkuje anulacj\u0105 rezerwacji.<\/li><li>Pozosta\u0142a cz\u0119\u015b\u0107 nale\u017cno\u015bci pobierana jest w dniu przyjazdu, w momencie meldowania go\u015bcia.<\/li><li>P\u0142atno\u015b\u0107 w PLN lub Euro. W przypadku przeliczania Euro na PLN stosowany jest kurs z dnia dokonywania p\u0142atno\u015bci lub wystawiania faktury.<\/li><li>W przypadku zmiany terminu rezerwacji lub ca\u0142kowitej rezygnacji z pobytu z przyczyn niezale\u017cnych od Sienkiewicz\u00f3wki, zaliczka nie podlega zwrotowi.<\/li><li>Przyjazd po godzinie 22:00 wymaga wcze\u015bniejszego zg\u0142oszenia telefonicznego pod numerem telefonu&nbsp;607 300 003<\/li><li>Niestawienie si\u0119 go\u015bcia do godziny 22:00 dnia przyjazdu jest r\u00f3wnoznaczne z rezygnacj\u0105 z pobytu, je\u015bli go\u015b\u0107 nie poinformowa\u0142 wcze\u015bniej recepcji i jest r\u00f3wnoznaczne z mo\u017cliwo\u015bci\u0105 wynaj\u0119cia pokoju innemu go\u015bciowi.<\/li><li>Wp\u0142ata zaliczki, a tym samym dokonanie rezerwacji gwarantowanej oznacza potwierdzenie akceptacji warunk\u00f3w rezerwacji okre\u015blonych w niniejszym regulaminie przez osob\u0119 dokonuj\u0105c\u0105 rezerwacji.<\/li><li>Dokonuj\u0105c rezerwacji klient wyra\u017ca zgod\u0119 na przetwarzanie jego danych osobowych tylko i wy\u0142\u0105cznie w celach marketingowych przez Sienkiewicz\u00f3wka zgodnie z ustaw\u0105 z dnia 29.08.1997 r. o ochronie danych osobowych (Dz. U. Nr 101 z 2002 r. poz. 926 z p\u00f3\u017aniejszymi zmianami).<\/li><li>Cena nie zawiera ubezpieczenia.<\/li><\/ol>\n\n\n<p><!-- \/wp:paragraph --><\/p>\n<p><!-- wp:paragraph {\"align\":\"center\",\"textColor\":\"vivid-cyan-blue\",\"fontSize\":\"medium\"} --><\/p>\n<p class=\"has-text-align-center has-vivid-cyan-blue-color has-text-color has-medium-font-size\"><strong><a href=\"http:\/\/www.cerbere.pl\/kontakt\/\">Chcesz o co\u015b dopyta\u0107? Napisz lub zadzwo\u0144<\/a><\/strong><\/p>\n<p><!-- \/wp:paragraph --><\/p>","protected":false},"excerpt":{"rendered":"<p>__________________________________________ Poni\u017cej znajduje si\u0119 kalendarz rezerwacji. Will\u0119 rezerwujemy tygodniamiod soboty do pi\u0105tku. Przyjazd w sobot\u0119 od godz. 15. Wyjazd najp\u00f3\u017aniej w nast\u0119pn\u0105 sobot\u0119 do godz.&hellip;<\/p>\n","protected":false},"author":1,"featured_media":0,"parent":0,"menu_order":0,"comment_status":"closed","ping_status":"closed","template":"","meta":{"footnotes":""},"_links":{"self":[{"href":"https:\/\/pensjonat-sienkiewiczowka.pl\/index.php?rest_route=\/wp\/v2\/pages\/290"}],"collection":[{"href":"https:\/\/pensjonat-sienkiewiczowka.pl\/index.php?rest_route=\/wp\/v2\/pages"}],"about":[{"href":"https:\/\/pensjonat-sienkiewiczowka.pl\/index.php?rest_route=\/wp\/v2\/types\/page"}],"author":[{"embeddable":true,"href":"https:\/\/pensjonat-sienkiewiczowka.pl\/index.php?rest_route=\/wp\/v2\/users\/1"}],"replies":[{"embeddable":true,"href":"https:\/\/pensjonat-sienkiewiczowka.pl\/index.php?rest_route=%2Fwp%2Fv2%2Fcomments&post=290"}],"version-history":[{"count":1,"href":"https:\/\/pensjonat-sienkiewiczowka.pl\/index.php?rest_route=\/wp\/v2\/pages\/290\/revisions"}],"predecessor-version":[{"id":686,"href":"https:\/\/pensjonat-sienkiewiczowka.pl\/index.php?rest_route=\/wp\/v2\/pages\/290\/revisions\/686"}],"wp:attachment":[{"href":"https:\/\/pensjonat-sienkiewiczowka.pl\/index.php?rest_route=%2Fwp%2Fv2%2Fmedia&parent=290"}],"curies":[{"name":"wp","href":"https:\/\/api.w.org\/{rel}","templated":true}]}}