{"id":47,"date":"2021-07-01T13:43:11","date_gmt":"2021-07-01T11:43:11","guid":{"rendered":"http:\/\/www.serwer104645.lh.pl\/?page_id=47"},"modified":"2022-12-27T12:30:18","modified_gmt":"2022-12-27T12:30:18","slug":"filmy","status":"publish","type":"page","link":"https:\/\/pensjonat-sienkiewiczowka.pl\/?page_id=47","title":{"rendered":"Zdj\u0119cia i filmy"},"content":{"rendered":"\n<p class=\"has-text-align-center\">__________________________________________<\/p>\n\n\n\n<p class=\"has-text-align-center has-black-color has-text-color\"><strong>Spoty i filmiki<\/strong><\/p>\n\n\n\n<div class=\"wp-block-columns is-layout-flex wp-container-3 wp-block-columns-is-layout-flex\">\n<div class=\"wp-block-column is-layout-flow wp-block-column-is-layout-flow\"><iframe loading=\"lazy\" src=\"https:\/\/www.facebook.com\/plugins\/video.php?height=314&#038;href=https%3A%2F%2Fwww.facebook.com%2Fsienkiewiczowka.net%2Fvideos%2F1910333025829293%2F&#038;show_text=false&#038;width=560&#038;t=0\" width=\"560\" height=\"314\" style=\"border:none;overflow:hidden\" scrolling=\"no\" frameborder=\"0\" allowfullscreen=\"true\" allow=\"autoplay; clipboard-write; encrypted-media; picture-in-picture; web-share\" allowFullScreen=\"true\"><\/iframe><\/div>\n\n\n\n<div class=\"wp-block-column is-vertically-aligned-center is-layout-flow wp-block-column-is-layout-flow\">\n<p class=\"has-black-color has-text-color has-medium-font-size\">Spot prezentuj\u0105cy w kr\u00f3tkiej formie wszystkie walory naszego pensjonatu. Widzimy tu zwierz\u0119ta, staw, okolice i pokoje. Zapraszamy!<\/p>\n<\/div>\n<\/div>\n\n\n\n<p>&nbsp;<\/p>\n\n\n\n<div class=\"wp-block-columns is-layout-flex wp-container-6 wp-block-columns-is-layout-flex\">\n<div class=\"wp-block-column is-layout-flow wp-block-column-is-layout-flow\"><iframe loading=\"lazy\" src=\"https:\/\/www.facebook.com\/plugins\/video.php?height=314&#038;href=https%3A%2F%2Fwww.facebook.com%2Fvilladesolei%2Fvideos%2F686706805630092%2F&#038;show_text=false&#038;width=560&#038;t=0\" width=\"560\" height=\"314\" style=\"border:none;overflow:hidden\" scrolling=\"no\" frameborder=\"0\" allowfullscreen=\"true\" allow=\"autoplay; clipboard-write; encrypted-media; picture-in-picture; web-share\" allowFullScreen=\"true\"><\/iframe><\/div>\n\n\n\n<div class=\"wp-block-column is-vertically-aligned-center is-layout-flow wp-block-column-is-layout-flow\">\n<p class=\"has-black-color has-text-color has-medium-font-size\">Tak uczcili\u015bmy w Pensjonacie Sienkiewicz\u00f3wka 18. rocznic\u0119 w\u0142\u0105czenia Polski do Unii Europejskiej.<\/p>\n<\/div>\n<\/div>\n\n\n\n<p>&nbsp;<\/p>\n\n\n\n<p class=\"has-text-align-center\">__________________________________________<\/p>\n\n\n\n<p class=\"has-text-align-center has-black-color has-text-color\"><strong>Zdj\u0119cia<\/strong><\/p>\n\n\n\n<figure class=\"wp-block-gallery has-nested-images columns-default is-cropped wp-block-gallery-7 is-layout-flex wp-block-gallery-is-layout-flex\">\n<figure class=\"wp-block-image size-large\"><img decoding=\"async\" loading=\"lazy\" width=\"1920\" height=\"1080\" data-id=\"697\" src=\"https:\/\/pensjonat-sienkiewiczowka.pl\/wp-content\/uploads\/2022\/09\/Obraz1.jpg\" alt=\"\" class=\"wp-image-697\" srcset=\"https:\/\/pensjonat-sienkiewiczowka.pl\/wp-content\/uploads\/2022\/09\/Obraz1.jpg 1920w, https:\/\/pensjonat-sienkiewiczowka.pl\/wp-content\/uploads\/2022\/09\/Obraz1-300x169.jpg 300w, https:\/\/pensjonat-sienkiewiczowka.pl\/wp-content\/uploads\/2022\/09\/Obraz1-1024x576.jpg 1024w, https:\/\/pensjonat-sienkiewiczowka.pl\/wp-content\/uploads\/2022\/09\/Obraz1-768x432.jpg 768w, https:\/\/pensjonat-sienkiewiczowka.pl\/wp-content\/uploads\/2022\/09\/Obraz1-1536x864.jpg 1536w\" sizes=\"(max-width: 1920px) 100vw, 1920px\" \/><\/figure>\n\n\n\n<figure class=\"wp-block-image size-large\"><img decoding=\"async\" loading=\"lazy\" width=\"1440\" height=\"1440\" data-id=\"632\" src=\"https:\/\/pensjonat-sienkiewiczowka.pl\/wp-content\/uploads\/2022\/08\/cropped-P1220163-scaled-1.jpg\" alt=\"\" class=\"wp-image-632\" srcset=\"https:\/\/pensjonat-sienkiewiczowka.pl\/wp-content\/uploads\/2022\/08\/cropped-P1220163-scaled-1.jpg 1440w, https:\/\/pensjonat-sienkiewiczowka.pl\/wp-content\/uploads\/2022\/08\/cropped-P1220163-scaled-1-300x300.jpg 300w, https:\/\/pensjonat-sienkiewiczowka.pl\/wp-content\/uploads\/2022\/08\/cropped-P1220163-scaled-1-1024x1024.jpg 1024w, https:\/\/pensjonat-sienkiewiczowka.pl\/wp-content\/uploads\/2022\/08\/cropped-P1220163-scaled-1-150x150.jpg 150w, https:\/\/pensjonat-sienkiewiczowka.pl\/wp-content\/uploads\/2022\/08\/cropped-P1220163-scaled-1-768x768.jpg 768w\" sizes=\"(max-width: 1440px) 100vw, 1440px\" \/><\/figure>\n\n\n\n<figure class=\"wp-block-image size-large\"><img decoding=\"async\" loading=\"lazy\" width=\"1515\" height=\"2560\" data-id=\"628\" src=\"https:\/\/pensjonat-sienkiewiczowka.pl\/wp-content\/uploads\/2022\/08\/P12200833-scaled.jpg\" alt=\"\" class=\"wp-image-628\" srcset=\"https:\/\/pensjonat-sienkiewiczowka.pl\/wp-content\/uploads\/2022\/08\/P12200833-scaled.jpg 1515w, https:\/\/pensjonat-sienkiewiczowka.pl\/wp-content\/uploads\/2022\/08\/P12200833-178x300.jpg 178w, https:\/\/pensjonat-sienkiewiczowka.pl\/wp-content\/uploads\/2022\/08\/P12200833-606x1024.jpg 606w, https:\/\/pensjonat-sienkiewiczowka.pl\/wp-content\/uploads\/2022\/08\/P12200833-768x1298.jpg 768w, https:\/\/pensjonat-sienkiewiczowka.pl\/wp-content\/uploads\/2022\/08\/P12200833-909x1536.jpg 909w, https:\/\/pensjonat-sienkiewiczowka.pl\/wp-content\/uploads\/2022\/08\/P12200833-1212x2048.jpg 1212w\" sizes=\"(max-width: 1515px) 100vw, 1515px\" \/><\/figure>\n\n\n\n<figure class=\"wp-block-image size-large\"><img decoding=\"async\" loading=\"lazy\" width=\"2560\" height=\"1440\" data-id=\"627\" src=\"https:\/\/pensjonat-sienkiewiczowka.pl\/wp-content\/uploads\/2022\/08\/P1220167-scaled.jpg\" alt=\"\" class=\"wp-image-627\" srcset=\"https:\/\/pensjonat-sienkiewiczowka.pl\/wp-content\/uploads\/2022\/08\/P1220167-scaled.jpg 2560w, https:\/\/pensjonat-sienkiewiczowka.pl\/wp-content\/uploads\/2022\/08\/P1220167-300x169.jpg 300w, https:\/\/pensjonat-sienkiewiczowka.pl\/wp-content\/uploads\/2022\/08\/P1220167-1024x576.jpg 1024w, https:\/\/pensjonat-sienkiewiczowka.pl\/wp-content\/uploads\/2022\/08\/P1220167-768x432.jpg 768w, https:\/\/pensjonat-sienkiewiczowka.pl\/wp-content\/uploads\/2022\/08\/P1220167-1536x864.jpg 1536w, https:\/\/pensjonat-sienkiewiczowka.pl\/wp-content\/uploads\/2022\/08\/P1220167-2048x1152.jpg 2048w\" sizes=\"(max-width: 2560px) 100vw, 2560px\" \/><\/figure>\n\n\n\n<figure class=\"wp-block-image size-large\"><img decoding=\"async\" loading=\"lazy\" width=\"1920\" height=\"1080\" data-id=\"699\" src=\"https:\/\/pensjonat-sienkiewiczowka.pl\/wp-content\/uploads\/2022\/09\/Obraz3.jpg\" alt=\"\" class=\"wp-image-699\" srcset=\"https:\/\/pensjonat-sienkiewiczowka.pl\/wp-content\/uploads\/2022\/09\/Obraz3.jpg 1920w, https:\/\/pensjonat-sienkiewiczowka.pl\/wp-content\/uploads\/2022\/09\/Obraz3-300x169.jpg 300w, https:\/\/pensjonat-sienkiewiczowka.pl\/wp-content\/uploads\/2022\/09\/Obraz3-1024x576.jpg 1024w, https:\/\/pensjonat-sienkiewiczowka.pl\/wp-content\/uploads\/2022\/09\/Obraz3-768x432.jpg 768w, https:\/\/pensjonat-sienkiewiczowka.pl\/wp-content\/uploads\/2022\/09\/Obraz3-1536x864.jpg 1536w\" sizes=\"(max-width: 1920px) 100vw, 1920px\" \/><\/figure>\n\n\n\n<figure class=\"wp-block-image size-large\"><img decoding=\"async\" loading=\"lazy\" width=\"2560\" height=\"1440\" data-id=\"626\" src=\"https:\/\/pensjonat-sienkiewiczowka.pl\/wp-content\/uploads\/2022\/08\/P1220166-scaled.jpg\" alt=\"\" class=\"wp-image-626\" srcset=\"https:\/\/pensjonat-sienkiewiczowka.pl\/wp-content\/uploads\/2022\/08\/P1220166-scaled.jpg 2560w, https:\/\/pensjonat-sienkiewiczowka.pl\/wp-content\/uploads\/2022\/08\/P1220166-300x169.jpg 300w, https:\/\/pensjonat-sienkiewiczowka.pl\/wp-content\/uploads\/2022\/08\/P1220166-1024x576.jpg 1024w, https:\/\/pensjonat-sienkiewiczowka.pl\/wp-content\/uploads\/2022\/08\/P1220166-768x432.jpg 768w, https:\/\/pensjonat-sienkiewiczowka.pl\/wp-content\/uploads\/2022\/08\/P1220166-1536x864.jpg 1536w, https:\/\/pensjonat-sienkiewiczowka.pl\/wp-content\/uploads\/2022\/08\/P1220166-2048x1152.jpg 2048w\" sizes=\"(max-width: 2560px) 100vw, 2560px\" \/><\/figure>\n\n\n\n<figure class=\"wp-block-image size-large\"><img decoding=\"async\" loading=\"lazy\" width=\"2560\" height=\"1440\" data-id=\"625\" src=\"https:\/\/pensjonat-sienkiewiczowka.pl\/wp-content\/uploads\/2022\/08\/P1220163-scaled.jpg\" alt=\"\" class=\"wp-image-625\" srcset=\"https:\/\/pensjonat-sienkiewiczowka.pl\/wp-content\/uploads\/2022\/08\/P1220163-scaled.jpg 2560w, https:\/\/pensjonat-sienkiewiczowka.pl\/wp-content\/uploads\/2022\/08\/P1220163-300x169.jpg 300w, https:\/\/pensjonat-sienkiewiczowka.pl\/wp-content\/uploads\/2022\/08\/P1220163-1024x576.jpg 1024w, https:\/\/pensjonat-sienkiewiczowka.pl\/wp-content\/uploads\/2022\/08\/P1220163-768x432.jpg 768w, https:\/\/pensjonat-sienkiewiczowka.pl\/wp-content\/uploads\/2022\/08\/P1220163-1536x864.jpg 1536w, https:\/\/pensjonat-sienkiewiczowka.pl\/wp-content\/uploads\/2022\/08\/P1220163-2048x1152.jpg 2048w\" sizes=\"(max-width: 2560px) 100vw, 2560px\" \/><\/figure>\n\n\n\n<figure class=\"wp-block-image size-large\"><img decoding=\"async\" loading=\"lazy\" width=\"2560\" height=\"1440\" data-id=\"617\" src=\"https:\/\/pensjonat-sienkiewiczowka.pl\/wp-content\/uploads\/2022\/08\/P1220129-scaled.jpg\" alt=\"\" class=\"wp-image-617\" srcset=\"https:\/\/pensjonat-sienkiewiczowka.pl\/wp-content\/uploads\/2022\/08\/P1220129-scaled.jpg 2560w, https:\/\/pensjonat-sienkiewiczowka.pl\/wp-content\/uploads\/2022\/08\/P1220129-300x169.jpg 300w, https:\/\/pensjonat-sienkiewiczowka.pl\/wp-content\/uploads\/2022\/08\/P1220129-1024x576.jpg 1024w, https:\/\/pensjonat-sienkiewiczowka.pl\/wp-content\/uploads\/2022\/08\/P1220129-768x432.jpg 768w, https:\/\/pensjonat-sienkiewiczowka.pl\/wp-content\/uploads\/2022\/08\/P1220129-1536x864.jpg 1536w, https:\/\/pensjonat-sienkiewiczowka.pl\/wp-content\/uploads\/2022\/08\/P1220129-2048x1152.jpg 2048w\" sizes=\"(max-width: 2560px) 100vw, 2560px\" \/><\/figure>\n\n\n\n<figure class=\"wp-block-image size-large\"><img decoding=\"async\" loading=\"lazy\" width=\"2560\" height=\"1440\" data-id=\"618\" src=\"https:\/\/pensjonat-sienkiewiczowka.pl\/wp-content\/uploads\/2022\/08\/P1220131-scaled.jpg\" alt=\"\" class=\"wp-image-618\" srcset=\"https:\/\/pensjonat-sienkiewiczowka.pl\/wp-content\/uploads\/2022\/08\/P1220131-scaled.jpg 2560w, https:\/\/pensjonat-sienkiewiczowka.pl\/wp-content\/uploads\/2022\/08\/P1220131-300x169.jpg 300w, https:\/\/pensjonat-sienkiewiczowka.pl\/wp-content\/uploads\/2022\/08\/P1220131-1024x576.jpg 1024w, https:\/\/pensjonat-sienkiewiczowka.pl\/wp-content\/uploads\/2022\/08\/P1220131-768x432.jpg 768w, https:\/\/pensjonat-sienkiewiczowka.pl\/wp-content\/uploads\/2022\/08\/P1220131-1536x864.jpg 1536w, https:\/\/pensjonat-sienkiewiczowka.pl\/wp-content\/uploads\/2022\/08\/P1220131-2048x1152.jpg 2048w\" sizes=\"(max-width: 2560px) 100vw, 2560px\" \/><\/figure>\n\n\n\n<figure class=\"wp-block-image size-large\"><img decoding=\"async\" loading=\"lazy\" width=\"2560\" height=\"1440\" data-id=\"619\" src=\"https:\/\/pensjonat-sienkiewiczowka.pl\/wp-content\/uploads\/2022\/08\/P1220135-scaled.jpg\" alt=\"\" class=\"wp-image-619\" srcset=\"https:\/\/pensjonat-sienkiewiczowka.pl\/wp-content\/uploads\/2022\/08\/P1220135-scaled.jpg 2560w, https:\/\/pensjonat-sienkiewiczowka.pl\/wp-content\/uploads\/2022\/08\/P1220135-300x169.jpg 300w, https:\/\/pensjonat-sienkiewiczowka.pl\/wp-content\/uploads\/2022\/08\/P1220135-1024x576.jpg 1024w, https:\/\/pensjonat-sienkiewiczowka.pl\/wp-content\/uploads\/2022\/08\/P1220135-768x432.jpg 768w, https:\/\/pensjonat-sienkiewiczowka.pl\/wp-content\/uploads\/2022\/08\/P1220135-1536x864.jpg 1536w, https:\/\/pensjonat-sienkiewiczowka.pl\/wp-content\/uploads\/2022\/08\/P1220135-2048x1152.jpg 2048w\" sizes=\"(max-width: 2560px) 100vw, 2560px\" \/><\/figure>\n\n\n\n<figure class=\"wp-block-image size-large\"><img decoding=\"async\" loading=\"lazy\" width=\"1920\" height=\"1080\" data-id=\"698\" src=\"https:\/\/pensjonat-sienkiewiczowka.pl\/wp-content\/uploads\/2022\/09\/Obraz2.jpg\" alt=\"\" class=\"wp-image-698\" srcset=\"https:\/\/pensjonat-sienkiewiczowka.pl\/wp-content\/uploads\/2022\/09\/Obraz2.jpg 1920w, https:\/\/pensjonat-sienkiewiczowka.pl\/wp-content\/uploads\/2022\/09\/Obraz2-300x169.jpg 300w, https:\/\/pensjonat-sienkiewiczowka.pl\/wp-content\/uploads\/2022\/09\/Obraz2-1024x576.jpg 1024w, https:\/\/pensjonat-sienkiewiczowka.pl\/wp-content\/uploads\/2022\/09\/Obraz2-768x432.jpg 768w, https:\/\/pensjonat-sienkiewiczowka.pl\/wp-content\/uploads\/2022\/09\/Obraz2-1536x864.jpg 1536w\" sizes=\"(max-width: 1920px) 100vw, 1920px\" \/><\/figure>\n\n\n\n<figure class=\"wp-block-image size-large\"><img decoding=\"async\" loading=\"lazy\" width=\"2560\" height=\"1440\" data-id=\"620\" src=\"https:\/\/pensjonat-sienkiewiczowka.pl\/wp-content\/uploads\/2022\/08\/P1220136-scaled.jpg\" alt=\"\" class=\"wp-image-620\" srcset=\"https:\/\/pensjonat-sienkiewiczowka.pl\/wp-content\/uploads\/2022\/08\/P1220136-scaled.jpg 2560w, https:\/\/pensjonat-sienkiewiczowka.pl\/wp-content\/uploads\/2022\/08\/P1220136-300x169.jpg 300w, https:\/\/pensjonat-sienkiewiczowka.pl\/wp-content\/uploads\/2022\/08\/P1220136-1024x576.jpg 1024w, https:\/\/pensjonat-sienkiewiczowka.pl\/wp-content\/uploads\/2022\/08\/P1220136-768x432.jpg 768w, https:\/\/pensjonat-sienkiewiczowka.pl\/wp-content\/uploads\/2022\/08\/P1220136-1536x864.jpg 1536w, https:\/\/pensjonat-sienkiewiczowka.pl\/wp-content\/uploads\/2022\/08\/P1220136-2048x1152.jpg 2048w\" sizes=\"(max-width: 2560px) 100vw, 2560px\" \/><\/figure>\n\n\n\n<figure class=\"wp-block-image size-large\"><img decoding=\"async\" loading=\"lazy\" width=\"2560\" height=\"1708\" data-id=\"622\" src=\"https:\/\/pensjonat-sienkiewiczowka.pl\/wp-content\/uploads\/2022\/08\/P1220145-scaled.jpg\" alt=\"\" class=\"wp-image-622\" srcset=\"https:\/\/pensjonat-sienkiewiczowka.pl\/wp-content\/uploads\/2022\/08\/P1220145-scaled.jpg 2560w, https:\/\/pensjonat-sienkiewiczowka.pl\/wp-content\/uploads\/2022\/08\/P1220145-300x200.jpg 300w, https:\/\/pensjonat-sienkiewiczowka.pl\/wp-content\/uploads\/2022\/08\/P1220145-1024x683.jpg 1024w, https:\/\/pensjonat-sienkiewiczowka.pl\/wp-content\/uploads\/2022\/08\/P1220145-768x512.jpg 768w, https:\/\/pensjonat-sienkiewiczowka.pl\/wp-content\/uploads\/2022\/08\/P1220145-1536x1025.jpg 1536w, https:\/\/pensjonat-sienkiewiczowka.pl\/wp-content\/uploads\/2022\/08\/P1220145-2048x1367.jpg 2048w\" sizes=\"(max-width: 2560px) 100vw, 2560px\" \/><\/figure>\n\n\n\n<figure class=\"wp-block-image size-large\"><img decoding=\"async\" loading=\"lazy\" width=\"2560\" height=\"1440\" data-id=\"624\" src=\"https:\/\/pensjonat-sienkiewiczowka.pl\/wp-content\/uploads\/2022\/08\/P1220158-scaled.jpg\" alt=\"\" class=\"wp-image-624\" srcset=\"https:\/\/pensjonat-sienkiewiczowka.pl\/wp-content\/uploads\/2022\/08\/P1220158-scaled.jpg 2560w, https:\/\/pensjonat-sienkiewiczowka.pl\/wp-content\/uploads\/2022\/08\/P1220158-300x169.jpg 300w, https:\/\/pensjonat-sienkiewiczowka.pl\/wp-content\/uploads\/2022\/08\/P1220158-1024x576.jpg 1024w, https:\/\/pensjonat-sienkiewiczowka.pl\/wp-content\/uploads\/2022\/08\/P1220158-768x432.jpg 768w, https:\/\/pensjonat-sienkiewiczowka.pl\/wp-content\/uploads\/2022\/08\/P1220158-1536x864.jpg 1536w, https:\/\/pensjonat-sienkiewiczowka.pl\/wp-content\/uploads\/2022\/08\/P1220158-2048x1152.jpg 2048w\" sizes=\"(max-width: 2560px) 100vw, 2560px\" \/><\/figure>\n\n\n\n<figure class=\"wp-block-image size-large\"><img decoding=\"async\" loading=\"lazy\" width=\"2560\" height=\"1440\" data-id=\"615\" src=\"https:\/\/pensjonat-sienkiewiczowka.pl\/wp-content\/uploads\/2022\/08\/P1220117-scaled.jpg\" alt=\"\" class=\"wp-image-615\" srcset=\"https:\/\/pensjonat-sienkiewiczowka.pl\/wp-content\/uploads\/2022\/08\/P1220117-scaled.jpg 2560w, https:\/\/pensjonat-sienkiewiczowka.pl\/wp-content\/uploads\/2022\/08\/P1220117-300x169.jpg 300w, https:\/\/pensjonat-sienkiewiczowka.pl\/wp-content\/uploads\/2022\/08\/P1220117-1024x576.jpg 1024w, https:\/\/pensjonat-sienkiewiczowka.pl\/wp-content\/uploads\/2022\/08\/P1220117-768x432.jpg 768w, https:\/\/pensjonat-sienkiewiczowka.pl\/wp-content\/uploads\/2022\/08\/P1220117-1536x864.jpg 1536w, https:\/\/pensjonat-sienkiewiczowka.pl\/wp-content\/uploads\/2022\/08\/P1220117-2048x1152.jpg 2048w\" sizes=\"(max-width: 2560px) 100vw, 2560px\" \/><\/figure>\n\n\n\n<figure class=\"wp-block-image size-large\"><img decoding=\"async\" loading=\"lazy\" width=\"2560\" height=\"1440\" data-id=\"614\" src=\"https:\/\/pensjonat-sienkiewiczowka.pl\/wp-content\/uploads\/2022\/08\/P1220111-scaled.jpg\" alt=\"\" class=\"wp-image-614\" srcset=\"https:\/\/pensjonat-sienkiewiczowka.pl\/wp-content\/uploads\/2022\/08\/P1220111-scaled.jpg 2560w, https:\/\/pensjonat-sienkiewiczowka.pl\/wp-content\/uploads\/2022\/08\/P1220111-300x169.jpg 300w, https:\/\/pensjonat-sienkiewiczowka.pl\/wp-content\/uploads\/2022\/08\/P1220111-1024x576.jpg 1024w, https:\/\/pensjonat-sienkiewiczowka.pl\/wp-content\/uploads\/2022\/08\/P1220111-768x432.jpg 768w, https:\/\/pensjonat-sienkiewiczowka.pl\/wp-content\/uploads\/2022\/08\/P1220111-1536x864.jpg 1536w, https:\/\/pensjonat-sienkiewiczowka.pl\/wp-content\/uploads\/2022\/08\/P1220111-2048x1152.jpg 2048w\" sizes=\"(max-width: 2560px) 100vw, 2560px\" \/><\/figure>\n\n\n\n<figure class=\"wp-block-image size-large\"><img decoding=\"async\" loading=\"lazy\" width=\"2560\" height=\"1440\" data-id=\"613\" src=\"https:\/\/pensjonat-sienkiewiczowka.pl\/wp-content\/uploads\/2022\/08\/P1220108-scaled.jpg\" alt=\"\" class=\"wp-image-613\" srcset=\"https:\/\/pensjonat-sienkiewiczowka.pl\/wp-content\/uploads\/2022\/08\/P1220108-scaled.jpg 2560w, https:\/\/pensjonat-sienkiewiczowka.pl\/wp-content\/uploads\/2022\/08\/P1220108-300x169.jpg 300w, https:\/\/pensjonat-sienkiewiczowka.pl\/wp-content\/uploads\/2022\/08\/P1220108-1024x576.jpg 1024w, https:\/\/pensjonat-sienkiewiczowka.pl\/wp-content\/uploads\/2022\/08\/P1220108-768x432.jpg 768w, https:\/\/pensjonat-sienkiewiczowka.pl\/wp-content\/uploads\/2022\/08\/P1220108-1536x864.jpg 1536w, https:\/\/pensjonat-sienkiewiczowka.pl\/wp-content\/uploads\/2022\/08\/P1220108-2048x1152.jpg 2048w\" sizes=\"(max-width: 2560px) 100vw, 2560px\" \/><\/figure>\n\n\n\n<figure class=\"wp-block-image size-large\"><img decoding=\"async\" loading=\"lazy\" width=\"2560\" height=\"1440\" data-id=\"612\" src=\"https:\/\/pensjonat-sienkiewiczowka.pl\/wp-content\/uploads\/2022\/08\/P1220092-scaled.jpg\" alt=\"\" class=\"wp-image-612\" srcset=\"https:\/\/pensjonat-sienkiewiczowka.pl\/wp-content\/uploads\/2022\/08\/P1220092-scaled.jpg 2560w, https:\/\/pensjonat-sienkiewiczowka.pl\/wp-content\/uploads\/2022\/08\/P1220092-300x169.jpg 300w, https:\/\/pensjonat-sienkiewiczowka.pl\/wp-content\/uploads\/2022\/08\/P1220092-1024x576.jpg 1024w, https:\/\/pensjonat-sienkiewiczowka.pl\/wp-content\/uploads\/2022\/08\/P1220092-768x432.jpg 768w, https:\/\/pensjonat-sienkiewiczowka.pl\/wp-content\/uploads\/2022\/08\/P1220092-1536x864.jpg 1536w, https:\/\/pensjonat-sienkiewiczowka.pl\/wp-content\/uploads\/2022\/08\/P1220092-2048x1152.jpg 2048w\" sizes=\"(max-width: 2560px) 100vw, 2560px\" \/><\/figure>\n\n\n\n<figure class=\"wp-block-image size-large\"><img decoding=\"async\" loading=\"lazy\" width=\"2560\" height=\"1440\" data-id=\"611\" src=\"https:\/\/pensjonat-sienkiewiczowka.pl\/wp-content\/uploads\/2022\/08\/P1220083-scaled.jpg\" alt=\"\" class=\"wp-image-611\" srcset=\"https:\/\/pensjonat-sienkiewiczowka.pl\/wp-content\/uploads\/2022\/08\/P1220083-scaled.jpg 2560w, https:\/\/pensjonat-sienkiewiczowka.pl\/wp-content\/uploads\/2022\/08\/P1220083-300x169.jpg 300w, https:\/\/pensjonat-sienkiewiczowka.pl\/wp-content\/uploads\/2022\/08\/P1220083-1024x576.jpg 1024w, https:\/\/pensjonat-sienkiewiczowka.pl\/wp-content\/uploads\/2022\/08\/P1220083-768x432.jpg 768w, https:\/\/pensjonat-sienkiewiczowka.pl\/wp-content\/uploads\/2022\/08\/P1220083-1536x864.jpg 1536w, https:\/\/pensjonat-sienkiewiczowka.pl\/wp-content\/uploads\/2022\/08\/P1220083-2048x1152.jpg 2048w\" sizes=\"(max-width: 2560px) 100vw, 2560px\" \/><\/figure>\n<\/figure>\n\n\n<p><!-- \/wp:paragraph --><\/p>\n<p><!-- wp:paragraph {\"align\":\"center\",\"textColor\":\"vivid-cyan-blue\",\"fontSize\":\"medium\"} --><\/p>\n<p class=\"has-text-align-center has-vivid-cyan-blue-color has-text-color has-medium-font-size\"><strong><a href=\"http:\/\/www.cerbere.pl\/kontakt\/\">Chcesz o co\u015b dopyta\u0107? Napisz lub zadzwo\u0144<\/a><\/strong><\/p>\n<p><!-- \/wp:paragraph --><\/p>","protected":false},"excerpt":{"rendered":"<p>__________________________________________ Spoty i filmiki Spot prezentuj\u0105cy w kr\u00f3tkiej formie wszystkie walory naszego pensjonatu. Widzimy tu zwierz\u0119ta, staw, okolice i pokoje. Zapraszamy! &nbsp; Tak uczcili\u015bmy w&hellip;<\/p>\n","protected":false},"author":1,"featured_media":0,"parent":0,"menu_order":0,"comment_status":"closed","ping_status":"closed","template":"","meta":{"footnotes":""},"_links":{"self":[{"href":"https:\/\/pensjonat-sienkiewiczowka.pl\/index.php?rest_route=\/wp\/v2\/pages\/47"}],"collection":[{"href":"https:\/\/pensjonat-sienkiewiczowka.pl\/index.php?rest_route=\/wp\/v2\/pages"}],"about":[{"href":"https:\/\/pensjonat-sienkiewiczowka.pl\/index.php?rest_route=\/wp\/v2\/types\/page"}],"author":[{"embeddable":true,"href":"https:\/\/pensjonat-sienkiewiczowka.pl\/index.php?rest_route=\/wp\/v2\/users\/1"}],"replies":[{"embeddable":true,"href":"https:\/\/pensjonat-sienkiewiczowka.pl\/index.php?rest_route=%2Fwp%2Fv2%2Fcomments&post=47"}],"version-history":[{"count":5,"href":"https:\/\/pensjonat-sienkiewiczowka.pl\/index.php?rest_route=\/wp\/v2\/pages\/47\/revisions"}],"predecessor-version":[{"id":714,"href":"https:\/\/pensjonat-sienkiewiczowka.pl\/index.php?rest_route=\/wp\/v2\/pages\/47\/revisions\/714"}],"wp:attachment":[{"href":"https:\/\/pensjonat-sienkiewiczowka.pl\/index.php?rest_route=%2Fwp%2Fv2%2Fmedia&parent=47"}],"curies":[{"name":"wp","href":"https:\/\/api.w.org\/{rel}","templated":true}]}}